{"id":2,"date":"2022-08-16T11:18:50","date_gmt":"2022-08-16T11:18:50","guid":{"rendered":"https:\/\/mbd.lt\/projects\/?page_id=2"},"modified":"2022-08-17T08:32:33","modified_gmt":"2022-08-17T08:32:33","slug":"sample-page","status":"publish","type":"page","link":"https:\/\/mbd.lt\/projects\/","title":{"rendered":"projects"},"content":{"rendered":"\t\t<div data-elementor-type=\"wp-page\" data-elementor-id=\"2\" class=\"elementor elementor-2\">\n\t\t\t\t\t\t\t\t\t<section class=\"elementor-section elementor-top-section elementor-element elementor-element-32b1c7a elementor-section-height-full elementor-section-content-middle elementor-section-boxed elementor-section-height-default elementor-section-items-middle\" data-id=\"32b1c7a\" data-element_type=\"section\" data-settings=\"{&quot;background_background&quot;:&quot;classic&quot;}\">\n\t\t\t\t\t\t<div class=\"elementor-container elementor-column-gap-default\">\n\t\t\t\t\t<div class=\"elementor-column elementor-col-100 elementor-top-column elementor-element elementor-element-5e016c2\" data-id=\"5e016c2\" data-element_type=\"column\">\n\t\t\t<div class=\"elementor-widget-wrap elementor-element-populated\">\n\t\t\t\t\t\t\t\t<section class=\"elementor-section elementor-inner-section elementor-element elementor-element-b0aad3b elementor-section-full_width elementor-section-height-min-height elementor-section-content-middle elementor-section-height-default\" data-id=\"b0aad3b\" data-element_type=\"section\" data-settings=\"{&quot;background_background&quot;:&quot;classic&quot;}\">\n\t\t\t\t\t\t<div class=\"elementor-container elementor-column-gap-default\">\n\t\t\t\t\t<div class=\"elementor-column elementor-col-50 elementor-inner-column elementor-element elementor-element-2aae9d8\" data-id=\"2aae9d8\" data-element_type=\"column\">\n\t\t\t<div class=\"elementor-widget-wrap elementor-element-populated\">\n\t\t\t\t\t\t\t\t<div class=\"elementor-element elementor-element-475005b elementor-widget elementor-widget-image\" data-id=\"475005b\" data-element_type=\"widget\" data-widget_type=\"image.default\">\n\t\t\t\t<div class=\"elementor-widget-container\">\n\t\t\t<style>\/*! elementor - v3.7.1 - 14-08-2022 *\/\n.elementor-widget-image{text-align:center}.elementor-widget-image a{display:inline-block}.elementor-widget-image a img[src$=\".svg\"]{width:48px}.elementor-widget-image img{vertical-align:middle;display:inline-block}<\/style>\t\t\t\t\t\t\t\t\t\t\t\t<img width=\"311\" height=\"144\" src=\"https:\/\/mbd.lt\/projects\/wp-content\/uploads\/2022\/08\/MBD-digital-benchmarks-logo@2x.png\" class=\"attachment-full size-full\" alt=\"\" loading=\"lazy\" srcset=\"https:\/\/mbd.lt\/projects\/wp-content\/uploads\/2022\/08\/MBD-digital-benchmarks-logo@2x.png 311w, https:\/\/mbd.lt\/projects\/wp-content\/uploads\/2022\/08\/MBD-digital-benchmarks-logo@2x-300x139.png 300w\" sizes=\"(max-width: 311px) 100vw, 311px\" \/>\t\t\t\t\t\t\t\t\t\t\t\t\t\t\t<\/div>\n\t\t\t\t<\/div>\n\t\t\t\t<div class=\"elementor-element elementor-element-2a9eca8 elementor-widget elementor-widget-text-editor\" data-id=\"2a9eca8\" data-element_type=\"widget\" data-widget_type=\"text-editor.default\">\n\t\t\t\t<div class=\"elementor-widget-container\">\n\t\t\t<style>\/*! elementor - v3.7.1 - 14-08-2022 *\/\n.elementor-widget-text-editor.elementor-drop-cap-view-stacked .elementor-drop-cap{background-color:#818a91;color:#fff}.elementor-widget-text-editor.elementor-drop-cap-view-framed .elementor-drop-cap{color:#818a91;border:3px solid;background-color:transparent}.elementor-widget-text-editor:not(.elementor-drop-cap-view-default) .elementor-drop-cap{margin-top:8px}.elementor-widget-text-editor:not(.elementor-drop-cap-view-default) .elementor-drop-cap-letter{width:1em;height:1em}.elementor-widget-text-editor .elementor-drop-cap{float:left;text-align:center;line-height:1;font-size:50px}.elementor-widget-text-editor .elementor-drop-cap-letter{display:inline-block}<\/style>\t\t\t\t<p>Svarbiausi\u0173 e. prekybos rodikli\u0173 \u201etermometras\u201d Lietuvoje, skirtas J\u016bs\u0173 rezultat\u0173 ir rinkos vidurki\u0173 pasilyginimui.<\/p>\t\t\t\t\t\t<\/div>\n\t\t\t\t<\/div>\n\t\t\t\t\t<\/div>\n\t\t<\/div>\n\t\t\t\t<div class=\"elementor-column elementor-col-50 elementor-inner-column elementor-element elementor-element-77e6f43\" data-id=\"77e6f43\" data-element_type=\"column\">\n\t\t\t<div class=\"elementor-widget-wrap elementor-element-populated\">\n\t\t\t\t\t\t\t\t<div class=\"elementor-element elementor-element-a020a1f elementor-widget elementor-widget-heading\" data-id=\"a020a1f\" data-element_type=\"widget\" data-widget_type=\"heading.default\">\n\t\t\t\t<div class=\"elementor-widget-container\">\n\t\t\t<style>\/*! elementor - v3.7.1 - 14-08-2022 *\/\n.elementor-heading-title{padding:0;margin:0;line-height:1}.elementor-widget-heading .elementor-heading-title[class*=elementor-size-]>a{color:inherit;font-size:inherit;line-height:inherit}.elementor-widget-heading .elementor-heading-title.elementor-size-small{font-size:15px}.elementor-widget-heading .elementor-heading-title.elementor-size-medium{font-size:19px}.elementor-widget-heading .elementor-heading-title.elementor-size-large{font-size:29px}.elementor-widget-heading .elementor-heading-title.elementor-size-xl{font-size:39px}.elementor-widget-heading .elementor-heading-title.elementor-size-xxl{font-size:59px}<\/style><h2 class=\"elementor-heading-title elementor-size-default\">Analiz\u0117 atlikta remiantis \u201eIPG Mediabrands\u201d metodologija, naudojant pagrindinius rinkoje \u012fsitvirtinusi\u0173 tre\u010di\u0173j\u0173 \u0161ali\u0173 duomenis ir stebint keli\u0173 de\u0161im\u010di\u0173 e. prekybos projekt\u0173 Lietuvoje faktinius rezultatus*.<\/h2>\t\t<\/div>\n\t\t\t\t<\/div>\n\t\t\t\t<div class=\"elementor-element elementor-element-7245974 elementor-widget elementor-widget-text-editor\" data-id=\"7245974\" data-element_type=\"widget\" data-widget_type=\"text-editor.default\">\n\t\t\t\t<div class=\"elementor-widget-container\">\n\t\t\t\t\t\t\t<p>*Duomenys yra indeksuoti, tod\u0117l tik apytiksliai atspindi reali\u0105 situacij\u0105. Ta\u010diau, m\u016bs\u0173 vertinimu, jie yra pakankamai reprezentatyv\u016bs tendencij\u0173 steb\u0117senai.<\/p>\t\t\t\t\t\t<\/div>\n\t\t\t\t<\/div>\n\t\t\t\t\t<\/div>\n\t\t<\/div>\n\t\t\t\t\t\t\t<\/div>\n\t\t<\/section>\n\t\t\t\t\t<\/div>\n\t\t<\/div>\n\t\t\t\t\t\t\t<\/div>\n\t\t<\/section>\n\t\t\t\t\t\t\t<\/div>\n\t\t","protected":false},"excerpt":{"rendered":"<p>Svarbiausi\u0173 e. prekybos rodikli\u0173 \u201etermometras\u201d Lietuvoje, skirtas J\u016bs\u0173 rezultat\u0173 ir rinkos vidurki\u0173 pasilyginimui. Analiz\u0117 atlikta remiantis \u201eIPG Mediabrands\u201d metodologija, naudojant pagrindinius rinkoje \u012fsitvirtinusi\u0173 tre\u010di\u0173j\u0173 \u0161ali\u0173 duomenis ir stebint keli\u0173 de\u0161im\u010di\u0173 e. prekybos projekt\u0173 Lietuvoje faktinius rezultatus*. *Duomenys yra indeksuoti, tod\u0117l tik apytiksliai atspindi reali\u0105 situacij\u0105. Ta\u010diau, m\u016bs\u0173 vertinimu, jie yra pakankamai reprezentatyv\u016bs tendencij\u0173 steb\u0117senai.<\/p>\n","protected":false},"author":1,"featured_media":0,"parent":0,"menu_order":0,"comment_status":"closed","ping_status":"open","template":"elementor_canvas","meta":[],"aioseo_notices":[],"_links":{"self":[{"href":"https:\/\/mbd.lt\/projects\/wp-json\/wp\/v2\/pages\/2"}],"collection":[{"href":"https:\/\/mbd.lt\/projects\/wp-json\/wp\/v2\/pages"}],"about":[{"href":"https:\/\/mbd.lt\/projects\/wp-json\/wp\/v2\/types\/page"}],"author":[{"embeddable":true,"href":"https:\/\/mbd.lt\/projects\/wp-json\/wp\/v2\/users\/1"}],"replies":[{"embeddable":true,"href":"https:\/\/mbd.lt\/projects\/wp-json\/wp\/v2\/comments?post=2"}],"version-history":[{"count":16,"href":"https:\/\/mbd.lt\/projects\/wp-json\/wp\/v2\/pages\/2\/revisions"}],"predecessor-version":[{"id":71,"href":"https:\/\/mbd.lt\/projects\/wp-json\/wp\/v2\/pages\/2\/revisions\/71"}],"wp:attachment":[{"href":"https:\/\/mbd.lt\/projects\/wp-json\/wp\/v2\/media?parent=2"}],"curies":[{"name":"wp","href":"https:\/\/api.w.org\/{rel}","templated":true}]}}